{"id":387,"date":"2026-03-13T12:26:50","date_gmt":"2026-03-13T11:26:50","guid":{"rendered":"https:\/\/tresgebackoffice.es\/whistleblowing-channel\/"},"modified":"2026-04-08T11:46:16","modified_gmt":"2026-04-08T09:46:16","slug":"whistleblowing-channel","status":"publish","type":"page","link":"https:\/\/tresgebackoffice.es\/en\/whistleblowing-channel\/","title":{"rendered":"Whistleblowing channel"},"content":{"rendered":"<div class=\"et_pb_section_0 et_pb_section et_section_regular et_flex_section\">\n<div class=\"et_pb_row_0 et_pb_row et_flex_row\">\n<div class=\"et_pb_column_0 et_pb_column et-last-child et_flex_column et_pb_css_mix_blend_mode_passthrough et_flex_column_24_24 et_flex_column_24_24_tablet et_flex_column_24_24_phone\">\n<div class=\"et_pb_text_0 et_pb_text et_pb_bg_layout_dark et_pb_module et_flex_module\"><div class=\"et_pb_text_inner\"><h1>Whistleblowing channel<\/h1>\n<\/div><\/div>\n<\/div>\n<\/div>\n<\/div>\n\n<div class=\"et_pb_section_1 et_pb_section et_section_regular et_block_section\">\n<div class=\"et_pb_row_1 et_pb_row et_block_row\">\n<div class=\"et_pb_column_1 et_pb_column et_pb_column_4_4 et-last-child et_block_column et_pb_css_mix_blend_mode_passthrough\">\n<div class=\"et_pb_text_1 et_pb_text et_pb_bg_layout_light et_pb_module et_flex_module\"><div class=\"et_pb_text_inner\"><p>This channel is available to employees, contractors and third parties who wish to report, in confidence, any misconduct, breaches of ethical standards or potential legal violations.<\/p>\n<\/div><\/div>\n<\/div>\n<\/div>\n\n<div class=\"et_pb_row_2 et_pb_row et_flex_row\">\n<div class=\"et_pb_column_2 et_pb_column et_flex_column et_pb_css_mix_blend_mode_passthrough et_flex_column_8_24 et_flex_column_8_24_tablet et_flex_column_24_24_phone\">\n<div class=\"et_pb_text_2 et_pb_text et_pb_bg_layout_light et_pb_module et_flex_module\"><div class=\"et_pb_text_inner\"><h2><span style=\"text-transform:uppercase\">Confidentiality<br \/>\nguaranteed<\/span><\/h2>\n<\/div><\/div>\n\n<div class=\"et_pb_blurb_0 et_pb_blurb et_pb_bg_layout_light et_pb_blurb_position_left et_pb_module et_flex_module\"><div class=\"et_pb_blurb_content et_flex_module\"><div class=\"et_pb_main_blurb_image\"><span class=\"et_pb_image_wrap\"><span class=\"et-pb-icon\">\ue06c<\/span><\/span><\/div><div class=\"et_pb_blurb_container\"><div class=\"et_pb_blurb_description\"><div class=\"guarantee-title\">The identity of the complainant is never disclosed without their consent.<\/div>\n<\/div><\/div><\/div><\/div>\n<\/div>\n\n<div class=\"et_pb_column_3 et_pb_column et_flex_column et_pb_css_mix_blend_mode_passthrough et_flex_column_8_24 et_flex_column_8_24_tablet et_flex_column_24_24_phone\">\n<div class=\"et_pb_text_3 et_pb_text et_pb_bg_layout_light et_pb_module et_flex_module\"><div class=\"et_pb_text_inner\"><h2><span style=\"text-transform: uppercase;\">Report<br \/>\nAnonymous<\/span><\/h2>\n<\/div><\/div>\n\n<div class=\"et_pb_blurb_1 et_pb_blurb et_pb_bg_layout_light et_pb_blurb_position_left et_pb_module et_flex_module\"><div class=\"et_pb_blurb_content et_flex_module\"><div class=\"et_pb_main_blurb_image\"><span class=\"et_pb_image_wrap\"><span class=\"et-pb-icon\">\uf4fa<\/span><\/span><\/div><div class=\"et_pb_blurb_container\"><div class=\"et_pb_blurb_description\"><div class=\"guarantee-title\">You do not need to log in. The form does not record session data or IP addresses. <\/div>\n<\/div><\/div><\/div><\/div>\n<\/div>\n\n<div class=\"et_pb_column_4 et_pb_column et-last-child et_flex_column et_pb_css_mix_blend_mode_passthrough et_flex_column_8_24 et_flex_column_8_24_tablet et_flex_column_24_24_phone\">\n<div class=\"et_pb_text_4 et_pb_text et_pb_bg_layout_light et_pb_module et_flex_module\"><div class=\"et_pb_text_inner\"><h2><span style=\"text-transform:uppercase\">Without<br \/>\nreprisals<\/span><\/h2>\n<\/div><\/div>\n\n<div class=\"et_pb_blurb_2 et_pb_blurb et_pb_bg_layout_light et_pb_blurb_position_left et_pb_module et_flex_module\"><div class=\"et_pb_blurb_content et_flex_module\"><div class=\"et_pb_main_blurb_image\"><span class=\"et_pb_image_wrap\"><span class=\"et-pb-icon\">\uf0e7<\/span><\/span><\/div><div class=\"et_pb_blurb_container\"><div class=\"et_pb_blurb_description\"><div class=\"guarantee-title\">Any form of retaliation against the whistleblower is strictly prohibited.<\/div>\n<\/div><\/div><\/div><\/div>\n<\/div>\n<\/div>\n\n<div class=\"et_pb_row_3 et_pb_row et_flex_row\">\n<div class=\"et_pb_column_5 et_pb_column et_flex_column et_pb_css_mix_blend_mode_passthrough et_flex_column_3_5 et_flex_column_3_5_tablet et_flex_column_24_24_phone\">\n<div class=\"dipi_divider_0 dipi_divider et_pb_bg_layout_light et_pb_module\">\n\t\t<div class=\"dipi-pixel-divider dipi-pixel-divider-row dipi-pixel-divider-text dipi-pixel-divider-hide-second dipi-pixel-divider-mirror\"><div class=\"dipi-td-decoration  dipi-td-decoration-line dipi-td-first\"><\/div><h2 class=\"dipi-td-content\">What can you communicate?<\/h2><\/div><\/div>\n\n<div class=\"et_pb_text_5 et_pb_text et_pb_bg_layout_light et_pb_module et_flex_module\"><div class=\"et_pb_text_inner\"><p>This channel is designed to report conduct that is unethical or unlawful within the company, including:<\/p>\n<\/div><\/div>\n\n<div class=\"et_pb_blurb_3 et_pb_blurb et_pb_bg_layout_light et_pb_blurb_position_left et_pb_module et_flex_module\"><div class=\"et_pb_blurb_content et_flex_module\"><div class=\"et_pb_main_blurb_image\"><span class=\"et_pb_image_wrap\"><span class=\"et-pb-icon et_animated et_animated\">$<\/span><\/span><\/div><div class=\"et_pb_blurb_container\"><h3 class=\"et_pb_module_header\">Breaches of labour or tax regulations<\/h3><\/div><\/div><\/div>\n\n<div class=\"et_pb_blurb_4 et_pb_blurb et_pb_bg_layout_light et_pb_blurb_position_left et_pb_module et_flex_module\"><div class=\"et_pb_blurb_content et_flex_module\"><div class=\"et_pb_main_blurb_image\"><span class=\"et_pb_image_wrap\"><span class=\"et-pb-icon et_animated et_animated\">$<\/span><\/span><\/div><div class=\"et_pb_blurb_container\"><h3 class=\"et_pb_module_header\">Undeclared conflicts of interest<\/h3><\/div><\/div><\/div>\n\n<div class=\"et_pb_blurb_5 et_pb_blurb et_pb_bg_layout_light et_pb_blurb_position_left et_pb_module et_flex_module\"><div class=\"et_pb_blurb_content et_flex_module\"><div class=\"et_pb_main_blurb_image\"><span class=\"et_pb_image_wrap\"><span class=\"et-pb-icon et_animated et_animated\">$<\/span><\/span><\/div><div class=\"et_pb_blurb_container\"><h3 class=\"et_pb_module_header\">Behaviour involving harassment, discrimination or abuse<\/h3><\/div><\/div><\/div>\n\n<div class=\"et_pb_blurb_6 et_pb_blurb et_pb_bg_layout_light et_pb_blurb_position_left et_pb_module et_flex_module\"><div class=\"et_pb_blurb_content et_flex_module\"><div class=\"et_pb_main_blurb_image\"><span class=\"et_pb_image_wrap\"><span class=\"et-pb-icon et_animated et_animated\">$<\/span><\/span><\/div><div class=\"et_pb_blurb_container\"><h3 class=\"et_pb_module_header\">Fraud, corruption or embezzlement<\/h3><\/div><\/div><\/div>\n\n<div class=\"et_pb_blurb_7 et_pb_blurb et_pb_bg_layout_light et_pb_blurb_position_left et_pb_module et_flex_module\"><div class=\"et_pb_blurb_content et_flex_module\"><div class=\"et_pb_main_blurb_image\"><span class=\"et_pb_image_wrap\"><span class=\"et-pb-icon et_animated et_animated\">$<\/span><\/span><\/div><div class=\"et_pb_blurb_container\"><h3 class=\"et_pb_module_header\">Breaches of the internal code of conduct<\/h3><\/div><\/div><\/div>\n\n<div class=\"et_pb_blurb_8 et_pb_blurb et_pb_bg_layout_light et_pb_blurb_position_left et_pb_module et_flex_module\"><div class=\"et_pb_blurb_content et_flex_module\"><div class=\"et_pb_main_blurb_image\"><span class=\"et_pb_image_wrap\"><span class=\"et-pb-icon et_animated et_animated\">$<\/span><\/span><\/div><div class=\"et_pb_blurb_container\"><h3 class=\"et_pb_module_header\">Any other ethical or legal irregularities<\/h3><\/div><\/div><\/div>\n<\/div>\n\n<div class=\"et_pb_column_6 et_pb_column et-last-child et_flex_column et_pb_css_mix_blend_mode_passthrough et_flex_column_3_5 et_flex_column_3_5_tablet et_flex_column_24_24_phone\">\n<div class=\"dipi_divider_1 dipi_divider et_pb_bg_layout_light et_pb_module\">\n\t\t<div class=\"dipi-pixel-divider dipi-pixel-divider-row dipi-pixel-divider-text dipi-pixel-divider-hide-second dipi-pixel-divider-mirror\"><div class=\"dipi-td-decoration  dipi-td-decoration-line dipi-td-first\"><\/div><h2 class=\"dipi-td-content\">What can you communicate?<\/h2><\/div><\/div>\n\n<div class=\"et_pb_text_6 et_pb_text et_pb_bg_layout_light et_pb_module et_flex_module\"><div class=\"et_pb_text_inner\"><p>Anyone with knowledge of a potential irregularity relating to the company: employees, former employees, suppliers, customers or any third party.<\/p>\n<\/div><\/div>\n<\/div>\n<\/div>\n\n<div class=\"et_pb_row_4 et_pb_row et_flex_row\">\n<div class=\"et_pb_column_7 et_pb_column et_flex_column et_pb_css_mix_blend_mode_passthrough et_flex_column_3_5 et_flex_column_3_5_tablet et_flex_column_24_24_phone\">\n<div class=\"dipi_divider_2 dipi_divider et_pb_bg_layout_light et_pb_module\">\n\t\t<div class=\"dipi-pixel-divider dipi-pixel-divider-row dipi-pixel-divider-text dipi-pixel-divider-hide-second dipi-pixel-divider-mirror\"><div class=\"dipi-td-decoration  dipi-td-decoration-line dipi-td-first\"><\/div><h2 class=\"dipi-td-content\">How we handle your complaint<\/h2><\/div><\/div>\n\n<div class=\"dipi_timeline_0 dipi_timeline et_pb_bg_layout_light et_pb_module\"><div class=\"dipi_timeline_custom_classes dipi_timeline_layout_right dipi_timeline_layout_right_tablet dipi_timeline_layout_right_phone startpos-left\">\n\t\t\t\t<div class=\"dipi_timeline_container\">\n\t\t\t\t<div class=\"dipi-timeline-items\">\n<div class=\"dipi_timeline_item_0 dipi_timeline_item et_pb_bg_layout_light et_pb_module\"><div class=\"dipi_timeline_item_custom_classes dipi_timeline_item_position_top dipi_timeline_item_position_top_tablet dipi_timeline_item_position_top_phone\" data-config=\"{&quot;anim_name&quot;:&quot;fadeIn&quot;,&quot;anim_start_viewport&quot;:&quot;75%&quot;} \">\n\t\t\t\t<div class=\"dipi_timeline_item_container\">\n\t\t\t\t\t<div class=\"dipi_timeline_ribbon\"><span class=\"dipi_timeline_ribbon_text\">01<\/span><\/div>\n\t\t\t\t\t<div class=\"et_pb_image_wrap ribbon-icon-wrap\"><span class=\"ribbon-icon ribbon-icon-circle\" data-icon=\"L\"><\/span><\/div>\n\t\t\t\t\t<div class=\"dipi_timeline_item_card-wrap  need_animation \">\n\t\t\t\t\t\t<div class=\"dipi_timeline_item_card\">\n\t\t\t\t\t\t\t\n\t\t\t\t\t\t\t<div class=\"dipi_timeline_item_content\">\n\t\t\t\t\t\t\t\t<div class=\"dipi_timeline_ribbon\"><span class=\"dipi_timeline_ribbon_text\">01<\/span><\/div>\n\t\t\t\t\t\t\t\t<div class=\"dipi_timeline_item_content_text\">\n\t\t\t\t\t\t\t\t\t<h4 class=\"dipi_timeline_item_header\"><span>Reception<\/span><\/h4>\n\t\t\t\t\t\t\t\t\t<div class=\"dipi_timeline_item_description\"><p>Your report will be sent confidentially to the channel manager within 24 hours.<\/p><\/div>\n\t\t\t\t\t\t\t\t<\/div>\n\t\t\t\t\t\t\t\t<div class=\"dipi_timeline_item_button_wrapper\">\n\t\t\t\t\t\t\t\t\t\n\t\t\t\t\t\t\t\t<\/div>\n\t\t\t\t\t\t\t<\/div>\n\t\t\t\t\t\t<\/div>\n\t\t\t\t\t<\/div>\n\t\t\t\t<\/div>\n\t\t\t<\/div><\/div>\n\n<div class=\"dipi_timeline_item_1 dipi_timeline_item et_pb_bg_layout_light et_pb_module\"><div class=\"dipi_timeline_item_custom_classes dipi_timeline_item_position_top dipi_timeline_item_position_top_tablet dipi_timeline_item_position_top_phone\" data-config=\"{&quot;anim_name&quot;:&quot;fadeIn&quot;,&quot;anim_start_viewport&quot;:&quot;75%&quot;} \">\n\t\t\t\t<div class=\"dipi_timeline_item_container\">\n\t\t\t\t\t<div class=\"dipi_timeline_ribbon\"><span class=\"dipi_timeline_ribbon_text\">02<\/span><\/div>\n\t\t\t\t\t<div class=\"et_pb_image_wrap ribbon-icon-wrap\"><span class=\"ribbon-icon ribbon-icon-circle\" data-icon=\"L\"><\/span><\/div>\n\t\t\t\t\t<div class=\"dipi_timeline_item_card-wrap  need_animation \">\n\t\t\t\t\t\t<div class=\"dipi_timeline_item_card\">\n\t\t\t\t\t\t\t\n\t\t\t\t\t\t\t<div class=\"dipi_timeline_item_content\">\n\t\t\t\t\t\t\t\t<div class=\"dipi_timeline_ribbon\"><span class=\"dipi_timeline_ribbon_text\">02<\/span><\/div>\n\t\t\t\t\t\t\t\t<div class=\"dipi_timeline_item_content_text\">\n\t\t\t\t\t\t\t\t\t<h4 class=\"dipi_timeline_item_header\"><span>Initial analysis<\/span><\/h4>\n\t\t\t\t\t\t\t\t\t<div class=\"dipi_timeline_item_description\"><p>The information received is assessed to determine whether an investigation should be launched.<\/p><\/div>\n\t\t\t\t\t\t\t\t<\/div>\n\t\t\t\t\t\t\t\t<div class=\"dipi_timeline_item_button_wrapper\">\n\t\t\t\t\t\t\t\t\t\n\t\t\t\t\t\t\t\t<\/div>\n\t\t\t\t\t\t\t<\/div>\n\t\t\t\t\t\t<\/div>\n\t\t\t\t\t<\/div>\n\t\t\t\t<\/div>\n\t\t\t<\/div><\/div>\n\n<div class=\"dipi_timeline_item_2 dipi_timeline_item et_pb_bg_layout_light et_pb_module\"><div class=\"dipi_timeline_item_custom_classes dipi_timeline_item_position_top dipi_timeline_item_position_top_tablet dipi_timeline_item_position_top_phone\" data-config=\"{&quot;anim_name&quot;:&quot;fadeIn&quot;,&quot;anim_start_viewport&quot;:&quot;75%&quot;} \">\n\t\t\t\t<div class=\"dipi_timeline_item_container\">\n\t\t\t\t\t<div class=\"dipi_timeline_ribbon\"><span class=\"dipi_timeline_ribbon_text\">02<\/span><\/div>\n\t\t\t\t\t<div class=\"et_pb_image_wrap ribbon-icon-wrap\"><span class=\"ribbon-icon ribbon-icon-circle\" data-icon=\"L\"><\/span><\/div>\n\t\t\t\t\t<div class=\"dipi_timeline_item_card-wrap  need_animation \">\n\t\t\t\t\t\t<div class=\"dipi_timeline_item_card\">\n\t\t\t\t\t\t\t\n\t\t\t\t\t\t\t<div class=\"dipi_timeline_item_content\">\n\t\t\t\t\t\t\t\t<div class=\"dipi_timeline_ribbon\"><span class=\"dipi_timeline_ribbon_text\">02<\/span><\/div>\n\t\t\t\t\t\t\t\t<div class=\"dipi_timeline_item_content_text\">\n\t\t\t\t\t\t\t\t\t<h4 class=\"dipi_timeline_item_header\"><span>Initial analysis<\/span><\/h4>\n\t\t\t\t\t\t\t\t\t<div class=\"dipi_timeline_item_description\"><p>The information received is assessed to determine whether an investigation should be launched.<\/p><\/div>\n\t\t\t\t\t\t\t\t<\/div>\n\t\t\t\t\t\t\t\t<div class=\"dipi_timeline_item_button_wrapper\">\n\t\t\t\t\t\t\t\t\t\n\t\t\t\t\t\t\t\t<\/div>\n\t\t\t\t\t\t\t<\/div>\n\t\t\t\t\t\t<\/div>\n\t\t\t\t\t<\/div>\n\t\t\t\t<\/div>\n\t\t\t<\/div><\/div>\n\n<div class=\"dipi_timeline_item_3 dipi_timeline_item et_pb_bg_layout_light et_pb_module\"><div class=\"dipi_timeline_item_custom_classes dipi_timeline_item_position_top dipi_timeline_item_position_top_tablet dipi_timeline_item_position_top_phone\" data-config=\"{&quot;anim_name&quot;:&quot;fadeIn&quot;,&quot;anim_start_viewport&quot;:&quot;75%&quot;} \">\n\t\t\t\t<div class=\"dipi_timeline_item_container\">\n\t\t\t\t\t<div class=\"dipi_timeline_ribbon\"><span class=\"dipi_timeline_ribbon_text\">03<\/span><\/div>\n\t\t\t\t\t<div class=\"et_pb_image_wrap ribbon-icon-wrap\"><span class=\"ribbon-icon ribbon-icon-circle\" data-icon=\"L\"><\/span><\/div>\n\t\t\t\t\t<div class=\"dipi_timeline_item_card-wrap  need_animation \">\n\t\t\t\t\t\t<div class=\"dipi_timeline_item_card\">\n\t\t\t\t\t\t\t\n\t\t\t\t\t\t\t<div class=\"dipi_timeline_item_content\">\n\t\t\t\t\t\t\t\t<div class=\"dipi_timeline_ribbon\"><span class=\"dipi_timeline_ribbon_text\">03<\/span><\/div>\n\t\t\t\t\t\t\t\t<div class=\"dipi_timeline_item_content_text\">\n\t\t\t\t\t\t\t\t\t<h4 class=\"dipi_timeline_item_header\"><span>Research<\/span><\/h4>\n\t\t\t\t\t\t\t\t\t<div class=\"dipi_timeline_item_description\"><p>The necessary steps are taken with discretion and rigour, whilst maintaining confidentiality.<\/p><\/div>\n\t\t\t\t\t\t\t\t<\/div>\n\t\t\t\t\t\t\t\t<div class=\"dipi_timeline_item_button_wrapper\">\n\t\t\t\t\t\t\t\t\t\n\t\t\t\t\t\t\t\t<\/div>\n\t\t\t\t\t\t\t<\/div>\n\t\t\t\t\t\t<\/div>\n\t\t\t\t\t<\/div>\n\t\t\t\t<\/div>\n\t\t\t<\/div><\/div>\n\n<div class=\"dipi_timeline_item_4 dipi_timeline_item et_pb_bg_layout_light et_pb_module\"><div class=\"dipi_timeline_item_custom_classes dipi_timeline_item_position_top dipi_timeline_item_position_top_tablet dipi_timeline_item_position_top_phone\" data-config=\"{&quot;anim_name&quot;:&quot;fadeIn&quot;,&quot;anim_start_viewport&quot;:&quot;75%&quot;} \">\n\t\t\t\t<div class=\"dipi_timeline_item_container\">\n\t\t\t\t\t<div class=\"dipi_timeline_ribbon\"><span class=\"dipi_timeline_ribbon_text\">04<\/span><\/div>\n\t\t\t\t\t<div class=\"et_pb_image_wrap ribbon-icon-wrap\"><span class=\"ribbon-icon ribbon-icon-circle\" data-icon=\"L\"><\/span><\/div>\n\t\t\t\t\t<div class=\"dipi_timeline_item_card-wrap  need_animation \">\n\t\t\t\t\t\t<div class=\"dipi_timeline_item_card\">\n\t\t\t\t\t\t\t\n\t\t\t\t\t\t\t<div class=\"dipi_timeline_item_content\">\n\t\t\t\t\t\t\t\t<div class=\"dipi_timeline_ribbon\"><span class=\"dipi_timeline_ribbon_text\">04<\/span><\/div>\n\t\t\t\t\t\t\t\t<div class=\"dipi_timeline_item_content_text\">\n\t\t\t\t\t\t\t\t\t<h4 class=\"dipi_timeline_item_header\"><span>Resolution<\/span><\/h4>\n\t\t\t\t\t\t\t\t\t<div class=\"dipi_timeline_item_description\"><p>If you have provided a contact email address, you will receive a reply within three months.<\/p><\/div>\n\t\t\t\t\t\t\t\t<\/div>\n\t\t\t\t\t\t\t\t<div class=\"dipi_timeline_item_button_wrapper\">\n\t\t\t\t\t\t\t\t\t\n\t\t\t\t\t\t\t\t<\/div>\n\t\t\t\t\t\t\t<\/div>\n\t\t\t\t\t\t<\/div>\n\t\t\t\t\t<\/div>\n\t\t\t\t<\/div>\n\t\t\t<\/div><\/div>\n<\/div>\n\t\t\t\t<div class=\"dipi-timeline-line\"><\/div><div class=\"dipi-timeline-line__active\"><\/div>\n\t\t\t\t<\/div>\n\t\t\t<\/div>\n\t\t\t<\/div>\n<\/div>\n\n<div class=\"et_pb_column_8 et_pb_column et-last-child et_flex_column et_pb_css_mix_blend_mode_passthrough et_flex_column_3_5 et_flex_column_3_5_tablet et_flex_column_24_24_phone\">\n<div class=\"dipi_divider_3 dipi_divider et_pb_bg_layout_light et_pb_module\">\n\t\t<div class=\"dipi-pixel-divider dipi-pixel-divider-row dipi-pixel-divider-text dipi-pixel-divider-hide-second dipi-pixel-divider-mirror\"><div class=\"dipi-td-decoration  dipi-td-decoration-line dipi-td-first\"><\/div><h2 class=\"dipi-td-content\">Submit a complaint<\/h2><\/div><\/div>\n\n<div class=\"et_pb_text_7 et_pb_text et_pb_bg_layout_light et_pb_module et_flex_module\"><div class=\"et_pb_text_inner\"><p>All fields are optional except for the description of the incident. Your privacy is protected. <\/p>\n<\/div><\/div>\n\n<div class=\"et_pb_contact_form_0 et_pb_contact_form_container clearfix et_pb_module et_flex_module\" data-form_unique_num=\"0\" data-form_unique_id=\"7067d836e5cc6b8d0df5f1ee01accc26\" id=\"et_pb_contact_form_7067d836e5cc6b8d0df5f1ee01accc26\"><div class=\"et-pb-contact-message\"><\/div><div class=\"et_pb_contact\"><form class=\"et_pb_contact_form et_flex_module\" method=\"post\" action=\"https:\/\/tresgebackoffice.es\/en\/wp-json\/wp\/v2\/pages\/387\">\n<div class=\"et_pb_contact_field_0 et_pb_contact_field et_pb_module et_flex_module et_flex_column_24_24 et_flex_column_24_24_tablet et_flex_column_24_24_phone\" data-id=\"categor\u00eda\" data-type=\"select\"><label class=\"et_pb_contact_form_label\" for=\"et_pb_contact_0_categor\u00eda_0\">Category<\/label><select name=\"et_pb_contact_0_categor\u00eda_0\" id=\"et_pb_contact_0_categor\u00eda_0\" class=\"et_pb_contact_select input\" data-required_mark=\"required\" data-field_type=\"select\" data-original_id=\"categor\u00eda\"><option value=\"\">Category<\/option><option value=\"Acoso o discriminaci\u00f3n\" data-id=\"\">Acoso o discriminaci\u00f3n<\/option><option value=\"Fraude o corrupci\u00f3n\" data-id=\"\">Fraude o corrupci\u00f3n<\/option><option value=\"Incumplimiento laboral\" data-id=\"\">Incumplimiento laboral<\/option><option value=\"Conflicto de intereses\" data-id=\"\">Conflicto de intereses<\/option><option value=\"Seguridad e higiene\" data-id=\"\">Seguridad e higiene<\/option><option value=\"Protecci\u00f3n de datos\" data-id=\"\">Protecci\u00f3n de datos<\/option><option value=\"Otro\" data-id=\"\">Otro<\/option><\/select><\/div>\n\n<div class=\"et_pb_contact_field_1 et_pb_contact_field et_pb_module et_flex_module et_flex_column_24_24 et_flex_column_24_24_tablet et_flex_column_24_24_phone\" data-id=\"descripci\u00f3n\" data-type=\"text\"><label class=\"et_pb_contact_form_label\" for=\"et_pb_contact_0_descripci\u00f3n_1\">Description of the events<\/label><textarea name=\"et_pb_contact_0_descripci\u00f3n_1\" id=\"et_pb_contact_0_descripci\u00f3n_1\" class=\"et_pb_contact_message input\" data-required_mark=\"required\" data-field_type=\"text\" data-original_id=\"descripci\u00f3n\" placeholder=\"Description of the events\"><\/textarea><\/div>\n\n<div class=\"et_pb_contact_field_2 et_pb_contact_field et_pb_module et_flex_module et_flex_column_24_24 et_flex_column_24_24_tablet et_flex_column_24_24_phone\" data-id=\"fecha\" data-type=\"input\"><label class=\"et_pb_contact_form_label\" for=\"et_pb_contact_0_fecha_2\">When did it happen? (optional)<\/label><input type=\"text\" name=\"et_pb_contact_0_fecha_2\" id=\"et_pb_contact_0_fecha_2\" class=\"input\" data-required_mark=\"not_required\" data-field_type=\"input\" data-original_id=\"fecha\" placeholder=\"When did it happen? (optional)\" title=\"\" value=\"\" \/><\/div>\n\n<div class=\"et_pb_contact_field_3 et_pb_contact_field et_pb_module et_flex_module et_flex_column_24_24 et_flex_column_24_24_tablet et_flex_column_24_24_phone\" data-id=\"correo\" data-type=\"email\"><label class=\"et_pb_contact_form_label\" for=\"et_pb_contact_0_correo_3\">Contact email (optional)<\/label><input type=\"text\" name=\"et_pb_contact_0_correo_3\" id=\"et_pb_contact_0_correo_3\" class=\"input\" data-required_mark=\"not_required\" data-field_type=\"email\" data-original_id=\"correo\" placeholder=\"Contact email (optional)\" title=\"\" value=\"\" \/><\/div>\n\n<div class=\"et_pb_contact_field_4 et_pb_contact_field et_pb_module et_flex_module et_flex_column_24_24 et_flex_column_24_24_tablet et_flex_column_24_24_phone\" data-id=\"privacidad\" data-type=\"checkbox\"><label class=\"et_pb_contact_form_label\">Data processing<\/label><input type=\"hidden\" name=\"et_pb_contact_0_privacidad_4\" class=\"et_pb_checkbox_handle\" data-required_mark=\"required\" data-field_type=\"checkbox\" data-original_id=\"privacidad\" \/><span class=\"et_pb_contact_field_options_wrapper\"><span class=\"et_pb_contact_field_options_title\">Data processing<\/span><span class=\"et_pb_contact_field_options_list\"><span class=\"et_pb_contact_field_checkbox\"><input type=\"checkbox\" id=\"et_pb_contact_0_privacidad_4_0\" class=\"input\" value=\"He le\u00eddo y acepto la pol\u00edtica de privacidad.  Entiendo que mis datos ser\u00e1n tratados de forma confidencial y usados \u00fanicamente para gestionar esta denuncia. \" data-required_mark=\"required\" data-field_type=\"checkbox\" data-original_id=\"privacidad\" \/><label for=\"et_pb_contact_0_privacidad_4_0\"><i><\/i>He le\u00eddo y acepto la pol\u00edtica de privacidad.  Entiendo que mis datos ser\u00e1n tratados de forma confidencial y usados \u00fanicamente para gestionar esta denuncia. <\/label><\/span><\/span><\/span><\/div>\n\n<div class=\"et_pb_text_8 et_pb_text et_pb_bg_layout_light et_pb_module et_flex_module\"><div class=\"et_pb_text_inner\"><p><strong>Data controller<\/strong>: TRESGE BACK OFFICE SERVICES SLU. <strong>Purpose<\/strong>: To send the requested information. <strong>Legal basis<\/strong>: Consent of the data subject. <strong>Recipients<\/strong>: No data will be disclosed to third parties, unless expressly authorised or required by law. Rights: The right to access, rectify and erase data, as well as the other rights detailed in the privacy policy.<\/p>\n<\/div><\/div>\n<input type=\"hidden\" name=\"et_pb_contactform_submit_7067d836e5cc6b8d0df5f1ee01accc26\" value=\"et_contact_proccess\" \/><div class=\"et_contact_bottom_container\"><div class=\"et_pb_button_wrapper\"><button type=\"submit\" name=\"et_builder_submit_button\" class=\"et_pb_button et_pb_contact_submit\" data-icon=\"$\">Send<\/button><\/div><\/div><input type=\"hidden\" id=\"_wpnonce-et-pb-contact-form-submitted-7067d836e5cc6b8d0df5f1ee01accc26\" name=\"_wpnonce-et-pb-contact-form-submitted-7067d836e5cc6b8d0df5f1ee01accc26\" value=\"59d5bd00ec\" \/><input type=\"hidden\" name=\"_wp_http_referer\" value=\"\/en\/wp-json\/wp\/v2\/pages\/387\" \/><\/form><\/div><\/div>\n<\/div>\n<\/div>\n<\/div>","protected":false},"excerpt":{"rendered":"","protected":false},"author":2,"featured_media":0,"parent":0,"menu_order":0,"comment_status":"closed","ping_status":"closed","template":"","meta":{"footnotes":""},"class_list":["post-387","page","type-page","status-publish","hentry"],"_links":{"self":[{"href":"https:\/\/tresgebackoffice.es\/en\/wp-json\/wp\/v2\/pages\/387","targetHints":{"allow":["GET"]}}],"collection":[{"href":"https:\/\/tresgebackoffice.es\/en\/wp-json\/wp\/v2\/pages"}],"about":[{"href":"https:\/\/tresgebackoffice.es\/en\/wp-json\/wp\/v2\/types\/page"}],"author":[{"embeddable":true,"href":"https:\/\/tresgebackoffice.es\/en\/wp-json\/wp\/v2\/users\/2"}],"replies":[{"embeddable":true,"href":"https:\/\/tresgebackoffice.es\/en\/wp-json\/wp\/v2\/comments?post=387"}],"version-history":[{"count":2,"href":"https:\/\/tresgebackoffice.es\/en\/wp-json\/wp\/v2\/pages\/387\/revisions"}],"predecessor-version":[{"id":389,"href":"https:\/\/tresgebackoffice.es\/en\/wp-json\/wp\/v2\/pages\/387\/revisions\/389"}],"wp:attachment":[{"href":"https:\/\/tresgebackoffice.es\/en\/wp-json\/wp\/v2\/media?parent=387"}],"curies":[{"name":"wp","href":"https:\/\/api.w.org\/{rel}","templated":true}]}}