{"id":384,"date":"2026-03-30T12:50:27","date_gmt":"2026-03-30T10:50:27","guid":{"rendered":"https:\/\/tresgebackoffice.es\/cookie-policy\/"},"modified":"2026-04-08T11:31:26","modified_gmt":"2026-04-08T09:31:26","slug":"cookie-policy","status":"publish","type":"page","link":"https:\/\/tresgebackoffice.es\/en\/cookie-policy\/","title":{"rendered":"Cookie Policy"},"content":{"rendered":"<div class=\"et_pb_section_0 et_pb_section et_section_regular et_block_section\">\n<div class=\"et_pb_row_0 et_pb_row et_flex_row\">\n<div class=\"et_pb_column_0 et_pb_column et-last-child et_flex_column et_pb_css_mix_blend_mode_passthrough et_flex_column_24_24 et_flex_column_24_24_tablet et_flex_column_24_24_phone\">\n<div class=\"et_pb_text_0 et_pb_text et_pb_bg_layout_light et_pb_module et_flex_module\"><div class=\"et_pb_text_inner\"><h1>Cookie Policy<\/h1>\n<\/div><\/div>\n<\/div>\n<\/div>\n\n<div class=\"et_pb_row_1 et_pb_row et_block_row\">\n<div class=\"et_pb_column_1 et_pb_column et_pb_column_4_4 et-last-child et_block_column et_pb_css_mix_blend_mode_passthrough\">\n<div class=\"et_pb_text_1 et_pb_text et_pb_bg_layout_light et_pb_module et_block_module\"><div class=\"et_pb_text_inner\"><p>At TRESGE BACK OFFICE SERVICES SLU, we want our customers to be fully informed about how our cookies work, as they are designed to provide a comprehensive and personalised experience on www.tresgebackoffice.es. Our aim is always to ensure that our users have access to all the information they need to browse the site responsibly. <\/p>\n<h2>What is a cookie?<\/h2>\n<p>A cookie is a file that is downloaded to your computer when you visit certain websites. Cookies enable a website, amongst other things, to store and retrieve information about a user\u2019s or their device\u2019s browsing habits and, depending on the information they contain and how you use your device, they can be used to recognise the user. <\/p>\n<h2>What types of cookies does tresgebackoffice.es use?<\/h2>\n<p>Depending on how long they remain active, cookies can be:<\/p>\n<ul>\n<li><strong>Cookies de sesi\u00f3n:<\/strong> dise\u00f1adas para recabar y almacenar datos mientras el usuario accede a una p\u00e1gina web. Se suelen emplear para almacenar informaci\u00f3n que s\u00f3lo interesa conservar para la prestaci\u00f3n del servicio solicitado por el usuario en una sola ocasi\u00f3n (por ejemplo, una lista de productos adquiridos). <\/li>\n<li><strong>Persistent cookies<\/strong>: These are a type of cookie where the data remains stored on the device and can be accessed and processed for a defined period. They have an expiry date. They are used, for example, during the checkout or registration process to avoid having to enter your details repeatedly.  <\/li>\n<\/ul>\n<p>Depending on which organisation manages the device or domain from which the cookies are sent and processes the data obtained, we can distinguish between:<\/p>\n<ul>\n<li><strong>First-party cookies<\/strong>: These are cookies sent to the user\u2019s device and managed exclusively by us to ensure the website functions optimally.<\/li>\n<li><strong>Third-party cookies<\/strong>: These are cookies sent to the user\u2019s device from a server or domain that is not managed by us but by another entity, which will process the data obtained.<\/li>\n<\/ul>\n<p>When you browse tresgebackoffice.es, the following cookies may be stored on your device:<\/p>\n<ul>\n<li><strong>Analytics cookies<\/strong>: These are used to analyse user behaviour anonymously whilst browsing our website. This allows us to identify the most viewed content, the number of visitors, etc. We use this information to improve the browsing experience and optimise our services. These may be first-party cookies, but may also be third-party cookies. Among the latter are Google Analytics cookies.    <\/li>\n<li><strong>Third-party personalisation cookies<\/strong>: The aim is to personalise web content and make recommendations based on your interests. To do this, we may use third-party cookies and the personalisation platform provided by our telecoms operator partners, who will have access to the IP address from which you are browsing and, if you are a customer of that operator, this will help them to personalise recommendations for products that interest you. In addition, they will store information about the products that have been displayed and those that interest each user in order to constantly improve the recommendations.  <\/li>\n<\/ul>\n<p>&nbsp;<\/p>\n<table border=\"1\" style=\"border-collapse: collapse; width: 100%; height: 168px;\">\n<tbody>\n<tr style=\"height: 24px;\">\n<td style=\"width: 20%; height: 24px;\"><strong>Cookie name<\/strong><\/td>\n<td style=\"width: 20%; height: 24px;\"><strong>Provider<\/strong><\/td>\n<td style=\"width: 20%; height: 24px;\">Type<\/td>\n<td style=\"width: 20%; height: 24px;\"><strong>Expiry date<\/strong><\/td>\n<\/tr>\n<tr style=\"height: 24px;\">\n<td style=\"width: 20%; height: 24px;\">_PHPSESSID<\/td>\n<td style=\"width: 20%; height: 24px;\">tresgebackoffice.es<\/td>\n<td style=\"width: 20%; height: 24px;\">Technical<\/td>\n<td style=\"width: 20%; height: 24px;\">Session<\/td>\n<\/tr>\n<tr style=\"height: 24px;\">\n<td style=\"width: 20%; height: 24px;\">_Moove_gdpr_popup<\/td>\n<td style=\"width: 20%; height: 24px;\">tresgebackoffice.es<\/td>\n<td style=\"width: 20%; height: 24px;\">Technical<\/td>\n<td style=\"width: 20%; height: 24px;\">Session<\/td>\n<\/tr>\n<tr>\n<td style=\"width: 20%;\">pll_language<\/td>\n<td style=\"width: 20%;\">tresgebackoffice.es<\/td>\n<td style=\"width: 20%;\">Technical<\/td>\n<td style=\"width: 20%;\">1 Year<\/td>\n<\/tr>\n<tr style=\"height: 24px;\">\n<td style=\"width: 20%; height: 24px;\">_ga<\/td>\n<td style=\"width: 20%; height: 24px;\">tresgebackoffice.es<\/td>\n<td style=\"width: 20%; height: 24px;\">Analytics<\/td>\n<td style=\"width: 20%; height: 24px;\">1 year<\/td>\n<\/tr>\n<tr>\n<td style=\"width: 20%;\">_gat<\/td>\n<td style=\"width: 20%;\"><span style=\"font-weight: 400;\">google.com<\/span><\/td>\n<td style=\"width: 20%;\">Analysis<\/td>\n<td style=\"width: 20%;\">1 minute<\/td>\n<\/tr>\n<tr style=\"height: 24px;\">\n<td style=\"width: 20%; height: 24px;\">_gid<\/td>\n<td style=\"width: 20%; height: 24px;\"><span style=\"font-weight: 400;\">google.com<\/span><\/td>\n<td style=\"width: 20%; height: 24px;\">Analytics<\/td>\n<td style=\"width: 20%; height: 24px;\">1 day<\/td>\n<\/tr>\n<\/tbody>\n<\/table>\n<h2>Setting, viewing and disabling cookies<\/h2>\n<p>You can allow, block or delete the cookies stored on your device by adjusting the settings in your browser:<\/p>\n<ul>\n<li>Chrome, since <a href=\"http:\/\/support.google.com\/chrome\/bin\/answer.py?hl=es&amp;answer=95647\" target=\"_blank\" rel=\"noopener\">http:\/\/support.google.com\/chrome\/bin\/answer.py?hl=es&amp;answer=95647<\/a><\/li>\n<li>Safari, since <a href=\"http:\/\/support.apple.com\/kb\/ph5042\" target=\"_blank\" rel=\"noopener\">http:\/\/support.apple.com\/kb\/ph5042<\/a><\/li>\n<li>Explorer, since <a href=\"http:\/\/windows.microsoft.com\/es-es\/windows7\/how-to-manage-cookies-in-internet-explorer-9\" target=\"_blank\" rel=\"noopener\">http:\/\/windows.microsoft.com\/es-es\/windows7\/how-to-manage-cookies-in-internet-explorer-9<\/a><\/li>\n<li>Firefox, since <a href=\"http:\/\/support.mozilla.org\/es\/kb\/habilitar-y-deshabilitar-cookies-que-los-sitios-we\" target=\"_blank\" rel=\"noopener\">http:\/\/support.mozilla.org\/es\/kb\/habilitar-y-deshabilitar-cookies-que-los-sitios-we<\/a><\/li>\n<li>All information regarding Google cookies, including both analytical and advertising cookies, as well as their management and settings, can be found at:\n<ul>\n<li><a href=\"http:\/\/www.google.es\/intl\/es\/policies\/technologies\/types\/\" target=\"_blank\" rel=\"noopener\">http:\/\/www.google.es\/intl\/es\/policies\/technologies\/types\/<\/a><\/li>\n<li><a href=\"http:\/\/www.google.es\/policies\/technologies\/ads\/\" target=\"_blank\" rel=\"noopener\">http:\/\/www.google.es\/policies\/technologies\/ads\/<\/a><\/li>\n<li>https:\/\/developers.google.com\/analytics\/devguides\/collection\/analyticsjs\/cookie-usage<\/li>\n<\/ul>\n<\/li>\n<\/ul>\n<h2>Cookie update<\/h2>\n<p>The cookies used on www.tresgebackoffice.es may be updated, so we recommend that you check our policy from time to time.<\/p>\n<\/div><\/div>\n<\/div>\n<\/div>\n<\/div>","protected":false},"excerpt":{"rendered":"","protected":false},"author":2,"featured_media":0,"parent":0,"menu_order":0,"comment_status":"closed","ping_status":"closed","template":"","meta":{"footnotes":""},"class_list":["post-384","page","type-page","status-publish","hentry"],"_links":{"self":[{"href":"https:\/\/tresgebackoffice.es\/en\/wp-json\/wp\/v2\/pages\/384","targetHints":{"allow":["GET"]}}],"collection":[{"href":"https:\/\/tresgebackoffice.es\/en\/wp-json\/wp\/v2\/pages"}],"about":[{"href":"https:\/\/tresgebackoffice.es\/en\/wp-json\/wp\/v2\/types\/page"}],"author":[{"embeddable":true,"href":"https:\/\/tresgebackoffice.es\/en\/wp-json\/wp\/v2\/users\/2"}],"replies":[{"embeddable":true,"href":"https:\/\/tresgebackoffice.es\/en\/wp-json\/wp\/v2\/comments?post=384"}],"version-history":[{"count":2,"href":"https:\/\/tresgebackoffice.es\/en\/wp-json\/wp\/v2\/pages\/384\/revisions"}],"predecessor-version":[{"id":386,"href":"https:\/\/tresgebackoffice.es\/en\/wp-json\/wp\/v2\/pages\/384\/revisions\/386"}],"wp:attachment":[{"href":"https:\/\/tresgebackoffice.es\/en\/wp-json\/wp\/v2\/media?parent=384"}],"curies":[{"name":"wp","href":"https:\/\/api.w.org\/{rel}","templated":true}]}}